{"id":5463,"date":"2018-08-02T21:04:10","date_gmt":"2018-08-02T19:04:10","guid":{"rendered":"http:\/\/meier-gerdingh.de\/wp-spd-ob\/?page_id=5463"},"modified":"2024-09-22T11:31:44","modified_gmt":"2024-09-22T09:31:44","slug":"jusos-oberhausen","status":"publish","type":"page","link":"https:\/\/meier-gerdingh.de\/wp-spd-ob\/arbeitsgemeinschaften\/jusos-oberhausen\/","title":{"rendered":"Jusos Oberhausen"},"content":{"rendered":"<header class=\"spd-ob-entry-header\">\n<div class=\"spd-ob-25-logo\"><span class=\"spd-ob-25-logo-spd\">SPD<\/span><span class=\"spd-ob-25-logo-unterbezirk\">-Unterbezirk<\/span> <span class=\"spd-ob-25-logo-oberhausen\">Oberhausen<\/span><\/div>\n<h1 class=\"spd-ob-headline\">Jusos <span class=\"spd-ob-light\">Oberhausen<\/span><\/h1>\n<\/header>\n<p class=\"spd-ob-25-p-intro\">Der Arbeitsgemeinschaft der Jungsozialistinnen und Jungsozialisten (\u201eJusos\u201c) geh\u00f6ren alle SPD-Mitglieder zwischen 14 und 35 Jahren an. Eine SPD-Mitgliedschaft ist aber nicht zwingend erforderlich, um bei den Jusos mitarbeiten zu k\u00f6nnen. Die Jusos vertreten eigenst\u00e4ndige politische Positionen und setzen sich f\u00fcr die Interessen von Jugendlichen und jungen Erwachsenen innerhalb und au\u00dferhalb der SPD ein. <\/p>\n<div><div id=\"image-map-pro-5864\"><\/div><\/div>\n<div class=\"spd-ob-25-module-container\">\n<h3 class=\"spd-ob-25-module-headline\">Jusos<span class=\"spd-ob-colon\">:<\/span><span class=\"spd-ob-module-pipe\"> | <\/span><span class=\"spd-ob-black\"> Kontakt<\/span><\/h3>\n<div class=\"spd-ob-generic-row\"><\/div>\n<div class=\"spd-ob-25-generic-row\">\n<h5 class=\"spd-ob-25-name\"><span class=\"spd-ob-25-first-name\">Maximillian<\/span> Goldbeck<span class=\"spd-ob-25-module-pipe\"> | <\/span><span class=\"spd-ob-25-function\"> Vorsitzender<\/span><\/h5>\n<div class=\"spd-ob-25-contact-row\"><a href=\"mailto:max.goldbeck@spd-oberhausen.de\" class=\"spd-ob-25-contact-link\"><i class=\"fa-solid fa-at\"><\/i> E-Mail<\/a><a href=\"tel:004920823334\" class=\"spd-ob-25-contact-link\"><i class=\"fa-solid fa-phone\"><\/i> Telefon<\/a><a href=\"https:\/\/www.facebook.com\/jusosob\/\" class=\"spd-ob-25-contact-link\"><i class=\"fa-brands fa-facebook-f\"><\/i> Facebook<\/a><a href=\"https:\/\/www.instagram.com\/p\/CaXSMJ4MLPb\/\" class=\"spd-ob-25-contact-link\"><i class=\"fa-brands fa-instagram\"><\/i> Instagram<\/a>\n\t\t<\/div>\n<\/p><\/div>\n<\/div>\n<div class=\"spd-ob-25-module-container\">\n<h3 class=\"spd-ob-25-module-headline\">Jusos<span class=\"spd-ob-colon\">:<\/span><span class=\"spd-ob-module-pipe\"> | <\/span><span class=\"spd-ob-black\"> Termine<\/span><\/h3>\n<!-- EventON Calendar --><div id='evcal_calendar_194' class='list_cal ajde_evcal_calendar sev cev color esty_2 ul ' data-cal=''><div id='evcal_head' class='calendar_header ' ><div class='evo_cal_above evodfx evofx_dr_r marb5 evofx_ww'><span class='cal_head_btn evo-gototoday-btn' style='' data-mo='4' data-yr='2026' data-dy=''>Aktueller Monat<\/span><\/div><div class='evo_cal_above_content'><\/div><div class='evo_header_title '><\/div><\/div><div id='eventon_loadbar_section'><div id='eventon_loadbar'><\/div><\/div><!-- Events List --><div class='evo_events_list_box'><div id='evcal_list' class='eventon_events_list sep_months evcal_list_month'><div class='eventon_list_event no_events'><p class='no_events' >Keine Veranstaltungen<\/p><\/div>\t\t\t<\/div>\r\n\t\t\t<\/div><!-- evo_events_list_box -->\t\r\n\t\t\t<div class='clear'><\/div>\r\n\t\t\t\t\t \t<div id='evcal_footer' class='evo_bottom' style='display:none'>\r\n\t\t \t\t<div class='evo_cal_data' data-sc=\"{&quot;accord&quot;:&quot;no&quot;,&quot;bottom_nav&quot;:&quot;no&quot;,&quot;cal_id&quot;:&quot;&quot;,&quot;cal_init_nonajax&quot;:&quot;no&quot;,&quot;calendar_type&quot;:&quot;list&quot;,&quot;ep_fields&quot;:&quot;&quot;,&quot;etc_override&quot;:&quot;yes&quot;,&quot;evc_open&quot;:&quot;no&quot;,&quot;event_count&quot;:0,&quot;event_location&quot;:&quot;all&quot;,&quot;event_order&quot;:&quot;ASC&quot;,&quot;event_organizer&quot;:&quot;all&quot;,&quot;event_parts&quot;:&quot;no&quot;,&quot;event_past_future&quot;:&quot;future&quot;,&quot;event_status&quot;:&quot;all&quot;,&quot;event_tag&quot;:&quot;all&quot;,&quot;event_type&quot;:&quot;928&quot;,&quot;event_type_2&quot;:&quot;all&quot;,&quot;event_type_3&quot;:&quot;all&quot;,&quot;event_type_4&quot;:&quot;all&quot;,&quot;event_type_5&quot;:&quot;all&quot;,&quot;event_virtual&quot;:&quot;all&quot;,&quot;eventtop_date_style&quot;:0,&quot;eventtop_style&quot;:&quot;2&quot;,&quot;exp_jumper&quot;:&quot;no&quot;,&quot;exp_so&quot;:&quot;no&quot;,&quot;filter_relationship&quot;:&quot;AND&quot;,&quot;filter_show_set_only&quot;:&quot;no&quot;,&quot;filter_style&quot;:&quot;default&quot;,&quot;filter_type&quot;:&quot;default&quot;,&quot;filters&quot;:&quot;yes&quot;,&quot;fixed_month&quot;:&quot;4&quot;,&quot;fixed_year&quot;:&quot;2026&quot;,&quot;focus_end_date_range&quot;:&quot;1782863999&quot;,&quot;focus_start_date_range&quot;:&quot;1775001600&quot;,&quot;ft_event_priority&quot;:&quot;no&quot;,&quot;hide_arrows&quot;:&quot;no&quot;,&quot;hide_cancels&quot;:&quot;no&quot;,&quot;hide_empty_months&quot;:&quot;yes&quot;,&quot;hide_end_time&quot;:&quot;no&quot;,&quot;hide_et_dn&quot;:&quot;no&quot;,&quot;hide_et_extra&quot;:&quot;no&quot;,&quot;hide_et_tags&quot;:&quot;no&quot;,&quot;hide_et_tl&quot;:&quot;no&quot;,&quot;hide_ft&quot;:&quot;no&quot;,&quot;hide_ft_img&quot;:&quot;no&quot;,&quot;hide_month_headers&quot;:&quot;no&quot;,&quot;hide_mult_occur&quot;:&quot;no&quot;,&quot;hide_past&quot;:&quot;yes&quot;,&quot;hide_past_by&quot;:&quot;ee&quot;,&quot;hide_so&quot;:&quot;no&quot;,&quot;ics&quot;:&quot;no&quot;,&quot;jumper&quot;:&quot;no&quot;,&quot;jumper_count&quot;:5,&quot;jumper_offset&quot;:&quot;0&quot;,&quot;lang&quot;:&quot;L1&quot;,&quot;layout_changer&quot;:&quot;no&quot;,&quot;livenow_bar&quot;:&quot;yes&quot;,&quot;mapformat&quot;:&quot;roadmap&quot;,&quot;mapiconurl&quot;:&quot;&quot;,&quot;maps_load&quot;:&quot;yes&quot;,&quot;mapscroll&quot;:&quot;true&quot;,&quot;mapzoom&quot;:&quot;16&quot;,&quot;members_only&quot;:&quot;no&quot;,&quot;ml_priority&quot;:&quot;no&quot;,&quot;ml_toend&quot;:&quot;no&quot;,&quot;month_incre&quot;:0,&quot;number_of_months&quot;:&quot;3&quot;,&quot;only_ft&quot;:&quot;no&quot;,&quot;pec&quot;:&quot;&quot;,&quot;s&quot;:&quot;&quot;,&quot;search&quot;:&quot;&quot;,&quot;search_all&quot;:&quot;no&quot;,&quot;sep_month&quot;:&quot;yes&quot;,&quot;show_et_ft_img&quot;:&quot;no&quot;,&quot;show_limit&quot;:&quot;no&quot;,&quot;show_limit_ajax&quot;:&quot;no&quot;,&quot;show_limit_paged&quot;:1,&quot;show_limit_redir&quot;:&quot;&quot;,&quot;show_repeats&quot;:&quot;no&quot;,&quot;show_search&quot;:&quot;no&quot;,&quot;show_upcoming&quot;:0,&quot;show_year&quot;:&quot;yes&quot;,&quot;social_share&quot;:&quot;no&quot;,&quot;sort_by&quot;:&quot;sort_date&quot;,&quot;tile_bg&quot;:0,&quot;tile_bg_size&quot;:&quot;full&quot;,&quot;tile_count&quot;:2,&quot;tile_height&quot;:0,&quot;tile_style&quot;:0,&quot;tiles&quot;:&quot;no&quot;,&quot;ux_val&quot;:&quot;0&quot;,&quot;view_switcher&quot;:&quot;no&quot;,&quot;wpml_l1&quot;:&quot;&quot;,&quot;wpml_l2&quot;:&quot;&quot;,&quot;wpml_l3&quot;:&quot;&quot;,&quot;yl_priority&quot;:&quot;no&quot;,&quot;yl_toend&quot;:&quot;no&quot;,&quot;fixed_day&quot;:&quot;24&quot;,&quot;_cver&quot;:&quot;4.6.6&quot;}\" data-filter_data=\"[]\" data-nav_data=\"{&quot;month_title&quot;:&quot;&lt;p id=&#039;evcal_cur&#039; class=&#039;evo_month_title padr10&#039;&gt; April, 2026&lt;\\\/p&gt;&quot;,&quot;arrows&quot;:&quot;&lt;p class=&#039;evo_arrows&#039;&gt;\\r\\n\\t\\t\\t\\t\\t&lt;span id=&#039;evcal_prev&#039; class=&#039;evcal_arrows evcal_btn_prev evodfx evofx_jc_c evofx_ai_c&#039; &gt;&lt;i class=&#039;fa fa-chevron-left&#039;&gt;&lt;\\\/i&gt;&lt;\\\/span&gt;\\r\\n\\t\\t\\t\\t\\t&lt;span id=&#039;evcal_next&#039; class=&#039;evcal_arrows evo_arrow_next evcal_btn_next evodfx evofx_jc_c evofx_ai_c&#039; &gt;&lt;i class=&#039;fa fa-chevron-right&#039;&gt;&lt;\\\/i&gt;&lt;\\\/span&gt;\\r\\n\\t\\t\\t\\t\\t&lt;\\\/p&gt;&quot;}\" data-od=\"{&quot;lang_no_events&quot;:&quot;Keine Veranstaltungen&quot;,&quot;cal_tz_offset&quot;:0,&quot;cal_tz&quot;:&quot;UTC&quot;}\" ><\/div>\r\n\t\t \t\t<div class='evo_cal_events' data-events=\"\"><\/div>\r\n\t\t \t<\/div>\r\n\t\t\t\t\r\n\t\t\t\r\n\t\t\t\t\t\t<\/div><!-- EventON End -->\r\n\t\t\t<\/div>\n<div class=\"spd-ob-25-module-container\">\n<h3 class=\"spd-ob-25-module-headline\" style=\"margin-bottom: 20px;\">Jusos<span class=\"spd-ob-colon\">:<\/span><span class=\"spd-ob-module-pipe\"> | <\/span><span class=\"spd-ob-black\"> <span class=\"spd-ob-light\">Letzte<\/span> Beitr\u00e4ge<\/span><\/h3>\n  \r\n<header class=\"entry-header archive\">\r\n   <h4 class=\"spd-ob-subheadline\">Ein Jahr Ukraine-Krieg:<\/h4>\r\n   <h2 class=\"spd-ob-entry-title-ov\"><a  href=\"https:\/\/meier-gerdingh.de\/wp-spd-ob\/2023\/02\/20\/solidaritaets-kundgebung-auf-dem-friedensplatz\/\">Solidarit\u00e4ts-Kundgebung auf dem Saporishja-Platz<\/a><\/h2>\r\n   <div class=\"spd-ob-entry-meta\">\r\n      <div class=\"spd-ob-entry-meta-wrapper\"> <span class=\"spd-ob-date\">Montag, 20. Februar 2023<\/span><\/div>\r\n   <\/div>\r\n<\/header>\r\n<div class=\"spd-ob-entry-content-ov\"><p><a href=\"https:\/\/meier-gerdingh.de\/wp-spd-ob\/wp-content\/uploads\/2023\/02\/banner-1-jahr-ukraine-krieg-saporishja-platz-700.jpg\"><img decoding=\"async\" class=\"aligncenter size-full wp-image-10145\" src=\"https:\/\/meier-gerdingh.de\/wp-spd-ob\/wp-content\/uploads\/2023\/02\/banner-1-jahr-ukraine-krieg-saporishja-platz-700.jpg\" alt=\"\" width=\"700\" height=\"700\" srcset=\"https:\/\/meier-gerdingh.de\/wp-spd-ob\/wp-content\/uploads\/2023\/02\/banner-1-jahr-ukraine-krieg-saporishja-platz-700.jpg 700w, https:\/\/meier-gerdingh.de\/wp-spd-ob\/wp-content\/uploads\/2023\/02\/banner-1-jahr-ukraine-krieg-saporishja-platz-700-300x300.jpg 300w, https:\/\/meier-gerdingh.de\/wp-spd-ob\/wp-content\/uploads\/2023\/02\/banner-1-jahr-ukraine-krieg-saporishja-platz-700-150x150.jpg 150w, https:\/\/meier-gerdingh.de\/wp-spd-ob\/wp-content\/uploads\/2023\/02\/banner-1-jahr-ukraine-krieg-saporishja-platz-700-330x330.jpg 330w\" sizes=\"(max-width: 700px) 100vw, 700px\" \/><\/a>Ein Jahr ist vergangen, seitdem Putin seinen Angriffskrieg auf die gesamte Ukraine ausgeweitet hat. Auch unsere Partnerstadt Saporischja ist unter stetigem Beschuss russischer Bomben. Der Krieg hat auch uns vor gro\u00dfe Herausforderungen gestellt, aber Oberhausen hat gezeigt, dass es weiterhin solidarisch ist und der Freundschaft und V\u00f6lkerverst\u00e4ndigung unter Partnern weiterhin gerecht wird.<\/p>\n<p>Wir wollen den Menschen in der Ukraine, sowie den Menschen, die zu uns geflohen sind, ein Signal der Solidarit\u00e4t senden. Deshalb laden die Jusos gemeinsam mit den Jungen Liberalen, der Jungen Union und der Gr\u00fcnen Jugend ein zur <strong>Soli-Kundgebung am 24.02.2023, ab 18 Uhr auf dem Saporishja-Platz<\/strong>.<a class=\"more-tag\" href=\"https:\/\/meier-gerdingh.de\/wp-spd-ob\/2023\/02\/20\/solidaritaets-kundgebung-auf-dem-friedensplatz\/\">Mehr<\/a><\/div>\r\n<hr class=\"spd-ob-divider\">\r\n \r\n<header class=\"entry-header archive\">\r\n   <h4 class=\"spd-ob-subheadline\">Aufruf zur Demonstration:<\/h4>\r\n   <h2 class=\"spd-ob-entry-title-ov\"><a  href=\"https:\/\/meier-gerdingh.de\/wp-spd-ob\/2022\/02\/26\/we-stand-with-ukraine-fuer-den-frieden-in-europa\/\">\"We stand with Ukraine\" - F\u00fcr den Frieden in Europa<\/a><\/h2>\r\n   <div class=\"spd-ob-entry-meta\">\r\n      <div class=\"spd-ob-entry-meta-wrapper\"> <span class=\"spd-ob-date\">Samstag, 26. Februar 2022<\/span><\/div>\r\n   <\/div>\r\n<\/header>\r\n<div class=\"spd-ob-entry-content-ov\"><p><a href=\"https:\/\/meier-gerdingh.de\/wp-spd-ob\/wp-content\/uploads\/2022\/02\/we-stand-with-ukraine-lg.jpg\"><img decoding=\"async\" class=\"aligncenter size-full wp-image-8703\" src=\"https:\/\/meier-gerdingh.de\/wp-spd-ob\/wp-content\/uploads\/2022\/02\/we-stand-with-ukraine.jpg\" alt=\"\" width=\"720\" height=\"720\" srcset=\"https:\/\/meier-gerdingh.de\/wp-spd-ob\/wp-content\/uploads\/2022\/02\/we-stand-with-ukraine.jpg 720w, https:\/\/meier-gerdingh.de\/wp-spd-ob\/wp-content\/uploads\/2022\/02\/we-stand-with-ukraine-300x300.jpg 300w, https:\/\/meier-gerdingh.de\/wp-spd-ob\/wp-content\/uploads\/2022\/02\/we-stand-with-ukraine-150x150.jpg 150w, https:\/\/meier-gerdingh.de\/wp-spd-ob\/wp-content\/uploads\/2022\/02\/we-stand-with-ukraine-330x330.jpg 330w\" sizes=\"(max-width: 720px) 100vw, 720px\" \/><\/a>Putins v\u00f6lkerrechtswidrige Invasion der Ukraine droht die Landkarte in Europa neu zu zeichnen. Der einseitige Bruch des Minsker Abkommens durch den russischen Pr\u00e4sidenten und Autokraten Putin ist eine Z\u00e4sur in der europ\u00e4ischen Geschichte und er macht alle diplomatischen Errungenschaften der letzten Jahre zunichte. Wladimir Putin rechtfertigt mit Geschichtsklitterung und Falschbehauptungen einen Angriffskrieg, der den Frieden in Europa gef\u00e4hrdet.<\/p>\n<p>Aus diesem Grund haben die Oberhausener Jusos f\u00fcr den kommenden <strong>Rosenmontag, 28. Februar 2022<\/strong>, eine <strong>Demonstration<\/strong> angemeldet, um ein Zeichen f\u00fcr Solidarit\u00e4t mit den Menschen in der Ukraine und f\u00fcr den Frieden in Europa zu setzen. Die Demonstration <strong>beginnt um 18.00 Uhr auf dem Saporoshje-Platz<\/strong> und wird nach einem Demonstrationszug mit einer <strong>Abschlusskundgebung auf dem Friedensplatz<\/strong> enden.<a class=\"more-tag\" href=\"https:\/\/meier-gerdingh.de\/wp-spd-ob\/2022\/02\/26\/we-stand-with-ukraine-fuer-den-frieden-in-europa\/\">Mehr<\/a><\/div>\r\n<hr class=\"spd-ob-divider\">\r\n \r\n<header class=\"entry-header archive\">\r\n   <h4 class=\"spd-ob-subheadline\">Jahreshauptversammlung:<\/h4>\r\n   <h2 class=\"spd-ob-entry-title-ov\"><a  href=\"https:\/\/meier-gerdingh.de\/wp-spd-ob\/2020\/10\/12\/jusos-waehlen-neuen-vorstand-und-sind-irritiert-ueber-ein-veraltetes-frauenbild\/\">Jusos w\u00e4hlen neuen Vorstand und sind irritiert \u00fcber ein veraltetes Frauenbild<\/a><\/h2>\r\n   <div class=\"spd-ob-entry-meta\">\r\n      <div class=\"spd-ob-entry-meta-wrapper\"> <span class=\"spd-ob-date\">Montag, 12. Oktober 2020<\/span><\/div>\r\n   <\/div>\r\n<\/header>\r\n<div class=\"spd-ob-entry-content-ov\"><p><a href=\"https:\/\/meier-gerdingh.de\/wp-spd-ob\/wp-content\/uploads\/logo_jusos_oberhausen.gif\"><img decoding=\"async\" class=\"alignleft size-full wp-image-1506\" src=\"https:\/\/meier-gerdingh.de\/wp-spd-ob\/wp-content\/uploads\/logo_jusos_oberhausen.gif\" alt=\"\" width=\"189\" height=\"104\" \/><\/a>Vergangenen Samstag (10.10.2020) haben wir Jusos unsere Unterbezirkskonferenz im K14 abgehalten. Auf der Tagesordnung standen vor allem Vorstandswahlen. Mit Gianni Virgallita trat der aktuelle Vorsitzende nicht erneut an, auch Lukas Heilmann und Simon Theis hatten ihr Vorstandsamt schon im Vorfeld zur Verf\u00fcgung gestellt und waren aus pers\u00f6nlichen Gr\u00fcnden zur\u00fcckgetreten.<\/p>\n<p>An dieser Stelle m\u00f6chten wir uns f\u00fcr die Vorstandsarbeit des letzten Jahres bedanken, die durch die Corona-Pandemie schwerer als erwartet war.<a class=\"more-tag\" href=\"https:\/\/meier-gerdingh.de\/wp-spd-ob\/2020\/10\/12\/jusos-waehlen-neuen-vorstand-und-sind-irritiert-ueber-ein-veraltetes-frauenbild\/\">Mehr<\/a><\/div>\r\n<hr class=\"spd-ob-divider\">\r\n <\/div>\n<div class=\"spd-ob-25-module-container\">\n<h3 class=\"spd-ob-25-module-headline\">Jusos<span class=\"spd-ob-colon\">:<\/span><span class=\"spd-ob-module-pipe\"> | <\/span><span class=\"spd-ob-black\"> Vorstand<\/span><span class=\"spd-ob-25-module-pipe-2\"> | <\/span><span class=\"spd-ob-25-function\"> Gew\u00e4hlt: 23.02.2023<\/span><\/h3>\n<div class=\"spd-ob-25-generic-row\">\n<div class=\"spd-ob-25-column-1\">&nbsp;<\/div>\n<div class=\"spd-ob-25-column-2\">\n<h5 class=\"spd-ob-25-name\"><span class=\"spd-ob-25-first-name\">Maximillian<\/span> Goldbeck<span class=\"spd-ob-25-module-pipe\"> | <\/span><span class=\"spd-ob-25-function\"> Vorsitzender<\/span><\/h5>\n<div class=\"spd-ob-25-contact-row\"><a href=\"mailto:max.goldbeck@spd-oberhausen.de\" class=\"spd-ob-25-contact-link\"><i class=\"fa-solid fa-at\"><\/i> E-Mail<\/a><a href=\"tel:004920823334\" class=\"spd-ob-25-contact-link\"><i class=\"fa-solid fa-phone\"><\/i> Telefon<\/a><\/div>\n<\/p><\/div>\n<\/p><\/div>\n<div class=\"spd-ob-25-generic-row\">\n<div class=\"spd-ob-25-column-1\">&nbsp;<\/div>\n<div class=\"spd-ob-25-column-2\">\n<h5 class=\"spd-ob-25-name\"><span class=\"spd-ob-25-first-name\">Metehan<\/span> G\u00fcnd\u00fcz<span class=\"spd-ob-25-module-pipe\"> | <\/span><span class=\"spd-ob-25-function\"> Stellv. Vorsitzender<\/span><\/h5>\n<div class=\"spd-ob-25-contact-row\"><a href=\"mailto:metehan.guenduez@spd-oberhausen.de\" class=\"spd-ob-25-contact-link\"><i class=\"fa-solid fa-at\"><\/i> E-Mail<\/a><\/div>\n<\/p><\/div>\n<\/p><\/div>\n<div class=\"spd-ob-25-generic-row\">\n<div class=\"spd-ob-25-column-1\">&nbsp;<\/div>\n<div class=\"spd-ob-25-column-2\">\n<h5 class=\"spd-ob-25-name\"><span class=\"spd-ob-25-first-name\">Regina<\/span> Leenders<span class=\"spd-ob-25-module-pipe\"> | <\/span><span class=\"spd-ob-25-function\"> Stellv. Vorsitzende<\/span><\/h5>\n<div class=\"spd-ob-25-contact-row\"><a href=\"mailto:regina.leenders@spd-oberhausen.de\" class=\"spd-ob-25-contact-link\"><i class=\"fa-solid fa-at\"><\/i> E-Mail<\/a><\/div>\n<\/p><\/div>\n<\/p><\/div>\n<div class=\"spd-ob-25-generic-row\">\n<div class=\"spd-ob-25-column-1\">&nbsp;<\/div>\n<div class=\"spd-ob-25-column-2\">\n<h5 class=\"spd-ob-25-name\"><span class=\"spd-ob-25-first-name\">Fabian<\/span> Pietsch<span class=\"spd-ob-25-module-pipe\"> | <\/span><span class=\"spd-ob-25-function\"> Beisitzer<\/span><\/h5>\n<\/p><\/div>\n<\/p><\/div>\n<div class=\"spd-ob-25-generic-row\">\n<div class=\"spd-ob-25-column-1\">&nbsp;<\/div>\n<div class=\"spd-ob-25-column-2\">\n<h5 class=\"spd-ob-25-name\"><span class=\"spd-ob-25-first-name\">Gianni<\/span> Virgallita<span class=\"spd-ob-25-module-pipe\"> | <\/span><span class=\"spd-ob-25-function\"> Beisitzer<\/span><\/h5>\n<\/p><\/div>\n<\/p><\/div>\n<\/div>\n<div class=\"spd-ob-25-module-container\">\n<h3 class=\"spd-ob-25-module-headline\">Jusos<span class=\"spd-ob-colon\">:<\/span><span class=\"spd-ob-module-pipe\"> | <\/span><span class=\"spd-ob-black\"> UB-Parteitag (3)<\/span><span class=\"spd-ob-25-module-pipe-2\"> | <\/span><span class=\"spd-ob-25-function\"> Gew\u00e4hlt: 13.03.2024<\/span><\/h3>\n<div class=\"spd-ob-25-generic-row\">\n<h5 class=\"spd-ob-25-name\"><span class=\"spd-ob-25-first-name\">Greta<\/span> Schmidt<span class=\"spd-ob-25-module-pipe\"> | <\/span><span class=\"spd-ob-25-function\"> Delegierte<\/span><\/h5>\n<\/p><\/div>\n<div class=\"spd-ob-25-generic-row\">\n<h5 class=\"spd-ob-25-name\"><span class=\"spd-ob-25-first-name\">Noah<\/span> H\u00f6lscher<span class=\"spd-ob-25-module-pipe\"> | <\/span><span class=\"spd-ob-25-function\"> Delegierter<\/span><\/h5>\n<\/p><\/div>\n<div class=\"spd-ob-25-generic-row\">\n<h5 class=\"spd-ob-25-name\"><span class=\"spd-ob-25-first-name\">Louis<\/span> Saieva<span class=\"spd-ob-25-module-pipe\"> | <\/span><span class=\"spd-ob-25-function\"> Delegierter<\/span><\/h5>\n<\/p><\/div>\n<div class=\"spd-ob-25-generic-row\">\n<h5 class=\"spd-ob-25-name\"><span class=\"spd-ob-25-first-name\"><span class=\"spd-ob-25-light\">Tim<\/span><\/span> <span class=\"spd-ob-25-light\">Rumpf<\/span><span class=\"spd-ob-25-module-pipe\"> | <\/span><span class=\"spd-ob-25-function\"> 1. m\u00e4nnlicher Ersatzdelegierter<\/span><\/h5>\n<\/div>\n<div class=\"spd-ob-25-generic-row\">\n<h5 class=\"spd-ob-25-name\"><span class=\"spd-ob-25-first-name\"><span class=\"spd-ob-25-light\">Daoud<\/span><\/span> <span class=\"spd-ob-25-light\">Hbab<\/span><span class=\"spd-ob-25-module-pipe\"> | <\/span><span class=\"spd-ob-25-function\"> 2. m\u00e4nnlicher Ersatzdelegierter<\/span><\/h5>\n<\/div>\n<\/div>\n","protected":false},"excerpt":{"rendered":"<p>SPD-Unterbezirk Oberhausen Jusos Oberhausen Der Arbeitsgemeinschaft der Jungsozialistinnen und Jungsozialisten (\u201eJusos\u201c) geh\u00f6ren alle SPD-Mitglieder zwischen 14 und 35 Jahren an. Eine SPD-Mitgliedschaft ist aber nicht zwingend erforderlich, um bei den&hellip; <\/p>\n","protected":false},"author":1,"featured_media":0,"parent":5456,"menu_order":0,"comment_status":"closed","ping_status":"closed","template":"","meta":{"footnotes":""},"class_list":["post-5463","page","type-page","status-publish","hentry"],"_links":{"self":[{"href":"https:\/\/meier-gerdingh.de\/wp-spd-ob\/wp-json\/wp\/v2\/pages\/5463","targetHints":{"allow":["GET"]}}],"collection":[{"href":"https:\/\/meier-gerdingh.de\/wp-spd-ob\/wp-json\/wp\/v2\/pages"}],"about":[{"href":"https:\/\/meier-gerdingh.de\/wp-spd-ob\/wp-json\/wp\/v2\/types\/page"}],"author":[{"embeddable":true,"href":"https:\/\/meier-gerdingh.de\/wp-spd-ob\/wp-json\/wp\/v2\/users\/1"}],"replies":[{"embeddable":true,"href":"https:\/\/meier-gerdingh.de\/wp-spd-ob\/wp-json\/wp\/v2\/comments?post=5463"}],"version-history":[{"count":0,"href":"https:\/\/meier-gerdingh.de\/wp-spd-ob\/wp-json\/wp\/v2\/pages\/5463\/revisions"}],"up":[{"embeddable":true,"href":"https:\/\/meier-gerdingh.de\/wp-spd-ob\/wp-json\/wp\/v2\/pages\/5456"}],"wp:attachment":[{"href":"https:\/\/meier-gerdingh.de\/wp-spd-ob\/wp-json\/wp\/v2\/media?parent=5463"}],"curies":[{"name":"wp","href":"https:\/\/api.w.org\/{rel}","templated":true}]}}