{"id":9124,"date":"2022-06-20T20:19:29","date_gmt":"2022-06-20T18:19:29","guid":{"rendered":"https:\/\/meier-gerdingh.de\/wp-spd-ob\/?page_id=9124"},"modified":"2026-02-01T13:19:02","modified_gmt":"2026-02-01T12:19:02","slug":"bezirksvertretungsrichtlinien","status":"publish","type":"page","link":"https:\/\/meier-gerdingh.de\/wp-spd-ob\/fraktion\/kommunalrecht\/bezirksvertretungsrichtlinien\/","title":{"rendered":"Bezirksvertretungsrichtlinien"},"content":{"rendered":"<div class=\"spd-frak-ob-go\">\n<header class=\"spd-frak-ob-entry-header\">\n<div class=\"spd-frak-ob-logo-rem\">\n   <span class=\"spd-frak-ob-logo-spd-rem\">SPD<\/span><span class=\"spd-frak-ob-logo-fraktion-rem\">-Fraktion<\/span><br \/>\n   <span class=\"spd-frak-ob-logo-subheadline-rem\">im Rat der Stadt Oberhausen<\/span><\/div>\n<h1 class=\"spd-frak-ob-headline\">Bezirksvertretungsrichtlinien<\/h1>\n<h3 class=\"spd-frak-ob-go-sub-subheadline\">Beschlossen als Anlage 3 der Hauptsatzung: 17.11.2025<\/h3>\n<div class=\"spd-frak-ob-go-meta\"><a href=\"#jump-to\" class=\"spd-frak-ob-go-slide-down\">Alles anzeigen<\/a><a href=\"#jump-to\" class=\"spd-frak-ob-go-slide-up\">Alles verbergen<\/a><\/div>\n<div class=\"spd-frak-ob-go-clearfix\"><\/div>\n<\/header>\n<div class=\"module\">\n<div class=\"caption\">\n<h1 class=\"spd-frak-ob-go-h1 collapsible\"><span class=\"spd-frak-ob-paragraph-nr\">\u00a7 1<\/span> <span class=\"spd-frak-ob-paragraph-title\">Stellung der Bezirksvertretungen <i class=\"fa-solid fa-turn-down rotate\"><\/i><\/span><\/h1>\n<\/div>\n<div class=\"body\">\n<div class=\"spd-frak-ob-row\">\n<div class=\"spd-frak-ob-go-section-nr\">&nbsp;<\/div>\n<div class=\"spd-frak-ob-go-section\">Die Bezirksvertretungen wirken auf der Grundlage repr\u00e4sentativer Demokratie im Rahmen des \u00a7 37 GO NRW und nach Ma\u00dfgabe dieser Richtlinien in allen Angelegenheiten ihres Bezirks durch Entscheidungen, Anh\u00f6rungen und Anregungen mit. Die qualifizierten Beteiligungsrechte geben den Bezirksvertretungen umfassende Zust\u00e4ndigkeiten f\u00fcr Angelegenheiten des Stadtbezirks. Sie sollen dabei insbesondere das b\u00fcrgerschaftliche Interesse an der kommunalen Selbstverwaltung und die gesamtst\u00e4dtische Integration f\u00f6rdern, orts- und b\u00fcrgernahe Entscheidungen erm\u00f6glichen, die \u00f6rtlichen Belange der Bezirke f\u00f6rdern, Initiativen entwickeln, M\u00e4ngel aufzeigen sowie Vorschl\u00e4ge und Anregungen an den Rat der Stadt, die Aussch\u00fcsse und an die Oberb\u00fcrgermeisterin \/ den Oberb\u00fcrgermeister richten.<\/div>\n<\/p><\/div>\n<\/p><\/div>\n<\/p><\/div>\n<div class=\"module\">\n<div class=\"caption\">\n<h1 class=\"spd-frak-ob-go-h1 collapsible\"><span class=\"spd-frak-ob-paragraph-nr\">\u00a7 2<\/span> <span class=\"spd-frak-ob-paragraph-title\">Entscheidungszust\u00e4ndigkeiten der Bezirksvertretungen <i class=\"fa-solid fa-turn-down rotate\"><\/i><\/span><\/h1>\n<\/div>\n<div class=\"body\">\n<div class=\"spd-frak-ob-row\">\n<div class=\"spd-frak-ob-go-section-nr\">(1)<\/div>\n<div class=\"spd-frak-ob-go-section\">Die Bezirksvertretungen entscheiden gem\u00e4\u00df \u00a7 37 Abs. 1 GO NRW, soweit nicht der Rat ausschlie\u00dflich zust\u00e4ndig ist, im Rahmen dieser Richtlinien und der ihnen bereitgestellten Haushaltsmittel unter Beachtung der Belange der gesamten Stadt in allen Angelegenheiten, deren Bedeutung nicht wesentlich \u00fcber den Stadtbezirk hinausgeht.<\/div>\n<\/p><\/div>\n<div class=\"spd-frak-ob-row\">\n<div class=\"spd-frak-ob-go-section-nr\">(2)<\/div>\n<div class=\"spd-frak-ob-go-section\">Bei den folgenden \u00f6ffentlichen Einrichtungen geht die Bedeutung von Entscheidungen stets wesentlich \u00fcber den jeweiligen Stadtbezirk hinaus: <\/p>\n<ol>\n<li>Schulen: Gymnasien, Realschulen, Gesamtschulen, berufsbildende Schulen und F\u00f6rderschulen f\u00fcr geistige Entwicklung (Schillerschule) sowie f\u00fcr emotionale und soziale Entwicklung (Otfried-Preu\u00dfler-Schule),<\/li>\n<li>Sportanlagen: Sportstadion Niederrhein, Sporthalle Oberhausen (Willy-J\u00fcrissen-Halle),<\/li>\n<li>\u00d6ffentliche Einrichtungen: Theater Oberhausen, Stadtbibliothek (Zentralstelle), Volkshochschule, Ludwig Galerie Schloss Oberhausen, Artothek, Malschule, Musikschule, Stadtarchiv und Medienzentrum,<\/li>\n<li>Sonstige st\u00e4dtische Geb\u00e4ude, Einrichtungen und Fl\u00e4chen: Kaisergarten mit Tiergehege, Forstwirtschaftsfl\u00e4chen, Burg Vondern,<\/li>\n<li>Stra\u00dfen, Wege und Pl\u00e4tze mit Ausnahme der Gemeindestra\u00dfen, Wege und Pl\u00e4tze, deren Verkehrsbedeutung auf den jeweiligen Stadtbezirk beschr\u00e4nkt ist.<\/li>\n<\/ol>\n<\/div><\/div>\n<div class=\"spd-frak-ob-row\">\n<div class=\"spd-frak-ob-go-section-nr\">(3)<\/div>\n<div class=\"spd-frak-ob-go-section\">Die Bezirksvertretungen entscheiden bei den folgenden Einrichtungen mit Ausnahme der in Abs. 2 genannten Einrichtungen \u00fcber alle in dem jeweils zugeordneten Entscheidungskatalog aufgef\u00fchrten Angelegenheiten:<\/p>\n<ol>\n<li><strong>Schulen:<\/strong>\n<ol>\n<li>Geb\u00e4udeunterhaltung,<\/li>\n<li>Erstausstattung sowie j\u00e4hrliche Programme zur Erg\u00e4nzung und Ersatzbeschaffung der Ausstattung,<\/li>\n<li>Ausstattung der R\u00e4umlichkeiten,<\/li>\n<li>Unterhaltung der Frei- und Gr\u00fcnfl\u00e4chen,<\/li>\n<li>Freigabe von Schulh\u00f6fen und Freifl\u00e4chen au\u00dferhalb der Schulzeit,<\/li>\n<li>Waren- und Getr\u00e4nkeverkauf auf Schulgrundst\u00fccken,<\/li>\n<li>Benennung und Umbenennung von Schulen.<\/li>\n<\/ol>\n<\/li>\n<li><strong>Sportanlagen:<\/strong>\n<ol>\n<li>Geb\u00e4ude- und Anlagenunterhaltung,<\/li>\n<li>Erstausstattung sowie \u00fcber das j\u00e4hrliche Programm zur Erg\u00e4nzung von Ersatzbeschaffung der Ausstattung,<\/li>\n<li>Frei- und Gr\u00fcnfl\u00e4chenunterhaltung,<\/li>\n<li>Waren- und Getr\u00e4nkeverkauf auf Sportanlagengrundst\u00fccken,<\/li>\n<li>Benennung und Umbenennung von Sportanlagen.<\/li>\n<\/ol>\n<\/li>\n<li><strong>Stadtbibliothek:<\/strong>\n<ol>\n<li>Geb\u00e4udeunterhaltung, sofern die B\u00fcchereien in st\u00e4dtischen Geb\u00e4uden untergebracht sind,<\/li>\n<li>Gestaltung und Ausstattung der R\u00e4ume,<\/li>\n<li>Erstausstattung und das Jahresprogramm zur Erg\u00e4nzung der Ausstattung bzw. der Ersatzbeschaffung.<\/li>\n<\/ol>\n<\/li>\n<li><strong>Friedh\u00f6fe:<\/strong>\n<ol>\n<li>Erstmalige Gestaltung von Friedh\u00f6fen sowie deren Unterhaltung, Umgestaltung und Erneuerung,<\/li>\n<li>Erstellung, Unterhaltung und Ausstattung der baulichen Anlagen und Einfriedungen sowie das Programm zu ihrer Erg\u00e4nzung bzw. Ersatzbeschaffung,<\/li>\n<li>Errichtung, Unterhaltung und Ausstattung von Mahn- und Ehrenmalen sowie von Gedenkst\u00e4tten,<\/li>\n<li>Benennung und Umbenennung von Friedh\u00f6fen.<\/li>\n<\/ol>\n<\/li>\n<li><strong>Gr\u00fcn- und Parkanlagen:<\/strong>\n<ol>\n<li>Erstmalige Gestaltung von Gr\u00fcn-, Park- und Dauerkleingartenanlagen sowie deren Unterhaltung, Umgestaltung und Erneuerung,<\/li>\n<li>Errichtung und Unterhaltung von besonderen Anlagen in den vorgenannten Einrichtungen, wie z. B. Springbrunnen, Plastiken, Skulpturen, Teichen usw.<\/li>\n<li>Benennung und Umbenennung von Gr\u00fcn- und Parkanlagen.<\/li>\n<\/ol>\n<\/li>\n<li><strong>Stra\u00dfen, Wege und Pl\u00e4tze:<\/strong>\n<ol>\n<li>Reihenfolge der Um- und Ausbauarbeiten sowie der Unterhaltung und Instandsetzung, ausgenommen Ma\u00dfnahmen zur Erf\u00fcllung der baulichen Verkehrssicherungspflicht,<\/li>\n<li>Reihenfolge des Um- und Ausbaus sowie der Unterhaltung und Instandsetzung der Stra\u00dfenbeleuchtung,<\/li>\n<li>Widmung und Entwidmung von \u00f6ffentlichen Verkehrsfl\u00e4chen, sofern sie ausschlie\u00dflich bezirkliche Bedeutung haben,<\/li>\n<li>Einrichtung und Aufhebung von Fu\u00dfg\u00e4ngerzonen und Fu\u00dfg\u00e4ngerbereichen,<\/li>\n<li>Benennung und Umbenennung von Stra\u00dfen, Wegen und Pl\u00e4tzen.<\/li>\n<\/ol>\n<\/li>\n<\/ol><\/div>\n<\/p><\/div>\n<div class=\"spd-frak-ob-row\">\n<div class=\"spd-frak-ob-go-section-nr\">(4)<\/div>\n<div class=\"spd-frak-ob-go-section\">Ferner entscheiden die Bezirksvertretungen \u00fcber folgende Angelegenheiten, sofern deren Bedeutung nicht wesentlich \u00fcber den Stadtbezirk hinausgeht: <\/p>\n<ol>\n<li>Betreuung und Unterst\u00fctzung \u00f6rtlicher Vereine, Verb\u00e4nde und sonstiger Vereinigungen und Initiativen im Stadtbezirk,<\/li>\n<li>kulturelle Angelegenheiten des Stadtbezirks einschlie\u00dflich Kunst im \u00f6ffentlichen Raum sowie Heimat- und Brauchtumspflege; dazu geh\u00f6ren insbesondere\n<ol>\n<li>Jubil\u00e4umsveranstaltungen zu besonderen Jahrestagen und Ereignissen aus der stadtbezirklichen Geschichte,<\/li>\n<li>Durchf\u00fchrung und F\u00f6rderung bezirklicher Volksfeste und Weihnachtsm\u00e4rkte sowie von Veranstaltungen der bezirklichen B\u00fcrgervereine,<\/li>\n<\/ol>\n<\/li>\n<li>Entscheidung \u00fcber die Denkmaleigenschaft nach dem Denkmalschutzgesetz,<\/li>\n<li>Information, Dokumentation und Repr\u00e4sentation in Angelegenheiten ihres Stadtbezirks (einschlie\u00dflich der F\u00f6rderung solcher Ma\u00dfnahmen durch Vereine, Verb\u00e4nde und Vereinigungen),<\/li>\n<li>grunds\u00e4tzliche Regelungen zur Lenkung des Stra\u00dfenverkehrs auch anl\u00e4sslich besonderer Veranstaltungen und Bauarbeiten, die eine erhebliche Verkehrsumleitung erfordern, mit Ausnahme der Verkehrsregelung durch Lichtzeichenanlagen,<\/li>\n<li>Festlegung von Taxist\u00e4nden,<\/li>\n<li>Vergabe von Bauleistungen nach VOB und Leistungen nach VOL in Angelegenheiten, die der Entscheidung der Bezirksvertretung unterliegen,<\/li>\n<li>F\u00e4llung von B\u00e4umen auf \u00f6ffentlichen Verkehrsfl\u00e4chen, Friedh\u00f6fen, in \u00f6ffentlichen und im Verwaltungsgebrauch stehenden Gr\u00fcnanlagen,<\/li>\n<li>Entscheidungen im Rahmen eines Projektes &#8222;Soziale Stadt&#8220; nach vorheriger Beteiligung der zust\u00e4ndigen Fachaussch\u00fcsse.<\/li>\n<\/ol><\/div>\n<\/p><\/div>\n<\/p><\/div>\n<\/p><\/div>\n<div class=\"module\">\n<div class=\"caption\">\n<h1 class=\"spd-frak-ob-go-h1 collapsible\"><span class=\"spd-frak-ob-paragraph-nr\">\u00a7 3<\/span> <span class=\"spd-frak-ob-paragraph-title\">Anh\u00f6rungsrechte der Bezirksvertretungen <i class=\"fa-solid fa-turn-down rotate\"><\/i><\/span><\/h1>\n<\/div>\n<div class=\"body\">\n<div class=\"spd-frak-ob-row\">\n<div class=\"spd-frak-ob-go-section-nr\">(1)<\/div>\n<div class=\"spd-frak-ob-go-section\">Die Bezirksvertretungen sind gem\u00e4\u00df \u00a7 37 Abs. 5 Satz 1 GO NRW zu allen wichtigen Angelegenheiten, die den Stadtbezirk ber\u00fchren, zu h\u00f6ren.<\/div>\n<\/p><\/div>\n<div class=\"spd-frak-ob-row\">\n<div class=\"spd-frak-ob-go-section-nr\">(2)<\/div>\n<div class=\"spd-frak-ob-go-section\">Das Anh\u00f6rungsrecht besteht insbesondere in folgenden Angelegenheiten: <\/p>\n<ol>\n<li>\u00c4nderung der Bezirksgrenzen,<\/li>\n<li>Verlagerung der Bezirksverwaltungsstellen im Stadtbezirk,<\/li>\n<li>Bestellung der Leiterinnen\/der Leiter der Bezirksverwaltungsstellen (\u00a7 38 Abs. 3 Satz 1 GO NRW),<\/li>\n<li>Einrichtung und Aufl\u00f6sung von B\u00fcrgersprechstunden,<\/li>\n<li>Mitwirkung an den Beratungen der vom Rat zu beschlie\u00dfenden Haushaltssatzung und des Investitionsprogramms in Angelegenheiten, die den Stadtbezirk betreffen,<\/li>\n<li>Einrichtung, \u00c4nderung oder Aufhebung der im Stadtbezirk gelegenen \u00f6ffentlichen Einrichtungen und Anlagen,<\/li>\n<li>Aufstellung, \u00c4nderung und Aufhebung von Planungen von \u00fcberbezirklicher Bedeutung sowie von Stadtentwicklungs- und Sanierungspl\u00e4nen,<\/li>\n<li>Aufstellung, \u00c4nderung und Aufhebung von Bauleitpl\u00e4nen sowie von Planungs- und Investitionsvorhaben, soweit diese den Stadtbezirk ber\u00fchren,<\/li>\n<li>Festlegung von F\u00f6rderungsbereichen, Modernisierungszonen und Sanierungsgebieten,<\/li>\n<li>Schulentwicklungsplanung, Schulbauprogramme,<\/li>\n<li>Widmung und Entwidmung von im Stadtbezirk gelegenen Stra\u00dfen, Wegen und Pl\u00e4tzen mit \u00fcberbezirklicher Bedeutung,<\/li>\n<li>Aufstellung der Vorschlagsliste f\u00fcr die Wahl der Sch\u00f6ffinnen\/Sch\u00f6ffen und Geschworenen (einschlie\u00dflich der Jugendsch\u00f6ffinnen \/ Jugendsch\u00f6ffen),<\/li>\n<li>Errichtung und erstmalige Gestaltung von im Stadtbezirk gelegenen Gr\u00fcn-, Park- und Dauerkleingartenanlagen, soweit diese \u00fcberbezirkliche Bedeutung haben,<\/li>\n<li>Errichtung und Schlie\u00dfung von Stadtteilbibliotheken,<\/li>\n<li>Wahl der Schiedsfrauen \/ Schiedsm\u00e4nner,<\/li>\n<li>Festlegung und \u00c4nderungen von Leistungsumfang und Leistungsstandards von Gesellschaften, die f\u00fcr die Stadt Oberhausen den Bezirk ber\u00fchrende Leistungen bei der Stadtentsorgung und der Gr\u00fcnfl\u00e4chenunterhaltung erbringen,<\/li>\n<li>Errichtung, \u00c4nderung und Aufhebung der im Stadtbezirk gelegenen st\u00e4dtischen Kindertageseinrichtungen, \u00f6ffentlichen Kinderspielpl\u00e4tze und sonstigen Spielgelegenheiten im \u00f6ffentlichen Raum sowie j\u00e4hrliche Programme zur Erg\u00e4nzung und Ersatzbeschaffung.<\/li>\n<\/ol>\n<\/div><\/div>\n<\/p><\/div>\n<\/p><\/div>\n<div class=\"module\">\n<div class=\"caption\">\n<h1 class=\"spd-frak-ob-go-h1 collapsible\"><span class=\"spd-frak-ob-paragraph-nr\">\u00a7 4<\/span> <span class=\"spd-frak-ob-paragraph-title\">Vorschl\u00e4ge und Anregungen sowie Gelegenheit zur Stellungnahme <i class=\"fa-solid fa-turn-down rotate\"><\/i><\/span><\/h1>\n<\/div>\n<div class=\"body\">\n<div class=\"spd-frak-ob-row\">\n<div class=\"spd-frak-ob-go-section-nr\">(1)<\/div>\n<div class=\"spd-frak-ob-go-section\">Die Bezirksvertretungen k\u00f6nnen gem\u00e4\u00df \u00a7 37 Abs. 5 Satz 5 GO NRW zu allen den Stadtbezirk betreffenden Angelegenheiten Vorschl\u00e4ge und Anregungen machen.<\/div>\n<\/p><\/div>\n<div class=\"spd-frak-ob-row\">\n<div class=\"spd-frak-ob-go-section-nr\">(2)<\/div>\n<div class=\"spd-frak-ob-go-section\">Das Anregungs- und Vorschlagsrecht der Bezirksvertretungen gilt insbesondere im Rahmen der Mitwirkung an den Beratungen der Haushaltssatzung (\u00a7 3 Abs. 2 Nr. 5) hinsichtlich aller Haushaltspositionen, die sich auf den Bezirk und ihre Aufgaben auswirken (\u00a7 37 Abs. 4 Satz 2 GO NRW); dabei umfasst das Vorschlagsrecht der Bezirksvertretungen auch das Recht, zur Erf\u00fcllung der zugewiesenen Aufgaben nach Vorlage des Haushaltsplanentwurfs Antr\u00e4ge zu stellen.<\/div>\n<\/p><\/div>\n<div class=\"spd-frak-ob-row\">\n<div class=\"spd-frak-ob-go-section-nr\">(3)<\/div>\n<div class=\"spd-frak-ob-go-section\">Das Vorschlagsrecht besteht auch f\u00fcr die vom Rat f\u00fcr den Stadtbezirk zu w\u00e4hlenden oder zu bestellenden ehrenamtlich t\u00e4tigen Personen (\u00a7 37 Abs. 5 Satz 6 GO NRW).<\/div>\n<\/p><\/div>\n<div class=\"spd-frak-ob-row\">\n<div class=\"spd-frak-ob-go-section-nr\">(4)<\/div>\n<div class=\"spd-frak-ob-go-section\">Vor Beschlussfassung des Rates \u00fcber Planungs- und Investitionsvorhaben im Bezirk und \u00fcber Bebauungspl\u00e4ne f\u00fcr den Bezirk ist den Bezirksvertretungen gem\u00e4\u00df \u00a7 37 Abs. 5 Satz 2 GO NRW Gelegenheit zur Stellungnahme zu geben. Dar\u00fcber hinaus hat die Bezirksvertretung in diesen F\u00e4llen dem Rat gegen\u00fcber ein Anregungsrecht (\u00a7 37 Abs. 5 Satz 3 GO NRW).<\/div>\n<\/p><\/div>\n<\/p><\/div>\n<\/p><\/div>\n<div class=\"module\">\n<div class=\"caption\">\n<h1 class=\"spd-frak-ob-go-h1 collapsible\"><span class=\"spd-frak-ob-paragraph-nr\">\u00a7 5<\/span> <span class=\"spd-frak-ob-paragraph-title\">Kenntnisnahmen <i class=\"fa-solid fa-turn-down rotate\"><\/i><\/span><\/h1>\n<\/div>\n<div class=\"body\">\n<div class=\"spd-frak-ob-row\">\n<div class=\"spd-frak-ob-go-section-nr\">(1)<\/div>\n<div class=\"spd-frak-ob-go-section\">Die Bezirksvertretungen sind auch f\u00fcr Kenntnisnahmen und Vorabkenntnisnahmen in ihren Bezirk betreffenden Angelegenheiten zust\u00e4ndig, die ihnen bzw. dem Rat der Stadt von der Verwaltung vorzulegen sind oder vorgelegt werden.<\/div>\n<\/p><\/div>\n<div class=\"spd-frak-ob-row\">\n<div class=\"spd-frak-ob-go-section-nr\">(2)<\/div>\n<div class=\"spd-frak-ob-go-section\">Die Kenntnisnahmezust\u00e4ndigkeit der Bezirksvertretungen erstreckt sich u. a. auf Berichte \u00fcber den Betriebsablauf in den Aufgabenbereichen von Gesellschaften im Sinne des \u00a7 3 Abs. 2 Nr. 16 dieser Richtlinien, soweit die Berichte den jeweiligen Stadtbezirk betreffen und Gegenstand der Berichterstattung in den jeweils zust\u00e4ndigen Fachaussch\u00fcssen sind.<\/div>\n<\/p><\/div>\n<\/p><\/div>\n<\/p><\/div>\n<div class=\"module\">\n<div class=\"caption\">\n<h1 class=\"spd-frak-ob-go-h1 collapsible\"><span class=\"spd-frak-ob-paragraph-nr\">\u00a7 6<\/span> <span class=\"spd-frak-ob-paragraph-title\">Beteiligungsverfahren bei der Aufstellung von Bebauungspl\u00e4nen <i class=\"fa-solid fa-turn-down rotate\"><\/i><\/span><\/h1>\n<\/div>\n<div class=\"body\">\n<div class=\"spd-frak-ob-row\">\n<div class=\"spd-frak-ob-go-section-nr\">(1)<\/div>\n<div class=\"spd-frak-ob-go-section\">Den Bezirksvertretungen wird bei der Aufstellung von Bebauungspl\u00e4nen, deren Bedeutung r\u00e4umlich auf den Stadtbezirk begrenzt ist, das Beteiligungsverfahren gem\u00e4\u00df \u00a7 3 Abs. 1 des Baugesetzbuches (BauGB) \u00fcbertragen.<\/div>\n<\/p><\/div>\n<div class=\"spd-frak-ob-row\">\n<div class=\"spd-frak-ob-go-section-nr\">(2)<\/div>\n<div class=\"spd-frak-ob-go-section\">Die Durchf\u00fchrung des Beteiligungsverfahrens richtet sich nach den dazu vom Rat der Stadt erlassenen Verfahrensgrunds\u00e4tzen f\u00fcr die vorgezogene Beteiligung der \u00d6ffentlichkeit gem\u00e4\u00df \u00a7 3 Abs. 1 BauGB in der jeweils g\u00fcltigen Fassung.<\/div>\n<\/p><\/div>\n<\/p><\/div>\n<\/p><\/div>\n<div class=\"module\">\n<div class=\"caption\">\n<h1 class=\"spd-frak-ob-go-h1 collapsible\"><span class=\"spd-frak-ob-paragraph-nr\">\u00a7 7<\/span> <span class=\"spd-frak-ob-paragraph-title\">Mittel f\u00fcr laufende Gesch\u00e4fte und unaufschiebbare M\u00e4ngelbeseitigung <i class=\"fa-solid fa-turn-down rotate\"><\/i><\/span><\/h1>\n<\/div>\n<div class=\"body\">\n<div class=\"spd-frak-ob-row\">\n<div class=\"spd-frak-ob-go-section-nr\">(1)<\/div>\n<div class=\"spd-frak-ob-go-section\">In die j\u00e4hrlichen Programme zur Unterhaltung und Ausstattung von Schulen und \u00f6ffentlichen Einrichtungen sind ausreichende Betr\u00e4ge f\u00fcr die Erledigung von Gesch\u00e4ften der laufenden Verwaltung und f\u00fcr die unaufschiebbare Beseitigung von M\u00e4ngeln pauschal einzusetzen.<\/div>\n<\/p><\/div>\n<div class=\"spd-frak-ob-row\">\n<div class=\"spd-frak-ob-go-section-nr\">(2)<\/div>\n<div class=\"spd-frak-ob-go-section\">Die Bezirksvertretungen entscheiden auch \u00fcber Einzelma\u00dfnahmen au\u00dferhalb der j\u00e4hrlichen Programme, soweit es sich nicht um Erledigung von Gesch\u00e4ften der laufenden Verwaltung oder um unaufschiebbare Beseitigung von M\u00e4ngeln handelt.<\/div>\n<\/p><\/div>\n<\/p><\/div>\n<\/p><\/div>\n<div class=\"module\">\n<div class=\"caption\">\n<h1 class=\"spd-frak-ob-go-h1 collapsible\"><span class=\"spd-frak-ob-paragraph-nr\">\u00a7 8<\/span> <span class=\"spd-frak-ob-paragraph-title\">Zust\u00e4ndigkeiten der Aussch\u00fcsse <i class=\"fa-solid fa-turn-down rotate\"><\/i><\/span><\/h1>\n<\/div>\n<div class=\"body\">\n<div class=\"spd-frak-ob-row\">\n<div class=\"spd-frak-ob-go-section-nr\">&nbsp;<\/div>\n<div class=\"spd-frak-ob-go-section\">Die Zust\u00e4ndigkeiten der Aussch\u00fcsse und deren Befugnisse zur Entscheidung werden durch diese Bezirksvertretungsrichtlinien nicht ber\u00fchrt.<\/div>\n<\/p><\/div>\n<\/p><\/div>\n<\/p><\/div>\n<div class=\"module\">\n<div class=\"caption\">\n<h1 class=\"spd-frak-ob-go-h1 collapsible\"><span class=\"spd-frak-ob-paragraph-nr\">\u00a7 9<\/span> <span class=\"spd-frak-ob-paragraph-title\">Zust\u00e4ndigkeiten der Oberb\u00fcrgermeisterin \/ des Oberb\u00fcrgermeisters <i class=\"fa-solid fa-turn-down rotate\"><\/i><\/span><\/h1>\n<\/div>\n<div class=\"body\">\n<div class=\"spd-frak-ob-row\">\n<div class=\"spd-frak-ob-go-section-nr\">(1)<\/div>\n<div class=\"spd-frak-ob-go-section\">Die Zust\u00e4ndigkeiten der Oberb\u00fcrgermeisterin \/ des Oberb\u00fcrgermeisters und deren \/ dessen Entscheidungsbefugnisse werden durch diese Bezirksvertretungsrichtlinien nicht ber\u00fchrt. Bei Streitigkeiten der Bezirksvertretungen mit der Oberb\u00fcrgermeisterin \/ dem Oberb\u00fcrgermeister \u00fcber Zust\u00e4ndigkeiten im Einzelfall entscheidet der Haupt- und Finanzausschuss.<\/div>\n<\/p><\/div>\n<div class=\"spd-frak-ob-row\">\n<div class=\"spd-frak-ob-go-section-nr\">(2)<\/div>\n<div class=\"spd-frak-ob-go-section\">Die Oberb\u00fcrgermeisterin \/ Der Oberb\u00fcrgermeister ist verpflichtet, den Bezirksvertretungen die in \u00a7 5 Abs. 2 genannten Berichte zur Kenntnisnahme vorzulegen.<\/div>\n<\/p><\/div>\n<\/p><\/div>\n<\/p><\/div>\n<div class=\"module\">\n<div class=\"caption\">\n<h1 class=\"spd-frak-ob-go-h1 collapsible\"><span class=\"spd-frak-ob-paragraph-nr\">\u00a7 10<\/span> <span class=\"spd-frak-ob-paragraph-title\">Zust\u00e4ndigkeiten der Bezirksb\u00fcrgermeister\/innen und deren Stellvertreter\/innen <i class=\"fa-solid fa-turn-down rotate\"><\/i><\/span><\/h1>\n<\/div>\n<div class=\"body\">\n<div class=\"spd-frak-ob-row\">\n<div class=\"spd-frak-ob-go-section-nr\">&nbsp;<\/div>\n<div class=\"spd-frak-ob-go-section\">Die Bezirksb\u00fcrgermeister\/innen und deren Stellvertreter\/innen nehmen au\u00dfer den Aufgaben nach der GO NRW und der Hauptsatzung auch die Aufgabe wahr, ihren\/seinen Stadtbezirk bei Veranstaltungen der Heimatpflege, des Brauchtums, der Vereine, der Verb\u00e4nde und der sonstigen Vereinigungen zu repr\u00e4sentieren.<\/div>\n<\/p><\/div>\n<\/p><\/div>\n<\/p><\/div>\n<\/div>\n","protected":false},"excerpt":{"rendered":"<p>SPD-Fraktion im Rat der Stadt Oberhausen Bezirksvertretungsrichtlinien Beschlossen als Anlage 3 der Hauptsatzung: 17.11.2025 Alles anzeigenAlles verbergen \u00a7 1 Stellung der Bezirksvertretungen &nbsp; Die Bezirksvertretungen wirken auf der Grundlage repr\u00e4sentativer&hellip; <\/p>\n","protected":false},"author":1,"featured_media":0,"parent":9514,"menu_order":0,"comment_status":"closed","ping_status":"closed","template":"","meta":{"footnotes":""},"class_list":["post-9124","page","type-page","status-publish","hentry"],"_links":{"self":[{"href":"https:\/\/meier-gerdingh.de\/wp-spd-ob\/wp-json\/wp\/v2\/pages\/9124","targetHints":{"allow":["GET"]}}],"collection":[{"href":"https:\/\/meier-gerdingh.de\/wp-spd-ob\/wp-json\/wp\/v2\/pages"}],"about":[{"href":"https:\/\/meier-gerdingh.de\/wp-spd-ob\/wp-json\/wp\/v2\/types\/page"}],"author":[{"embeddable":true,"href":"https:\/\/meier-gerdingh.de\/wp-spd-ob\/wp-json\/wp\/v2\/users\/1"}],"replies":[{"embeddable":true,"href":"https:\/\/meier-gerdingh.de\/wp-spd-ob\/wp-json\/wp\/v2\/comments?post=9124"}],"version-history":[{"count":0,"href":"https:\/\/meier-gerdingh.de\/wp-spd-ob\/wp-json\/wp\/v2\/pages\/9124\/revisions"}],"up":[{"embeddable":true,"href":"https:\/\/meier-gerdingh.de\/wp-spd-ob\/wp-json\/wp\/v2\/pages\/9514"}],"wp:attachment":[{"href":"https:\/\/meier-gerdingh.de\/wp-spd-ob\/wp-json\/wp\/v2\/media?parent=9124"}],"curies":[{"name":"wp","href":"https:\/\/api.w.org\/{rel}","templated":true}]}}